{"id":25,"date":"2020-03-27T00:16:31","date_gmt":"2020-03-27T03:16:31","guid":{"rendered":"http:\/\/www.lekkersmokehouse.com\/?post_type=product&#038;p=25"},"modified":"2025-10-23T15:34:56","modified_gmt":"2025-10-23T18:34:56","slug":"empanadas-bondiola-desmechada-buenos-aires","status":"publish","type":"product","link":"https:\/\/lekkersmokehouse.com\/?product=empanadas-bondiola-desmechada-buenos-aires","title":{"rendered":"Empanadas de bondiola desmechada con salsa de man\u00ed \u2013 pack por docena"},"content":{"rendered":"<p data-start=\"408\" data-end=\"666\">Descubr\u00ed una versi\u00f3n gourmet de las cl\u00e1sicas empanadas argentinas: jugosa bondiola desmechada cocinada lentamente y mezclada con una cremosa salsa de man\u00ed. Cada empanada fusiona sabores locales con un toque ex\u00f3tico holand\u00e9s, formando un bocado inolvidable.<\/p>\n<p data-start=\"673\" data-end=\"698\"><strong data-start=\"673\" data-end=\"696\">\u00bfPor qu\u00e9 elegirlas?<\/strong><\/p>\n<ul data-start=\"701\" data-end=\"999\">\n<li data-start=\"701\" data-end=\"756\">\n<p data-start=\"703\" data-end=\"756\">Producto \u00fanico en Argentina: 100\u202f% sabor innovador.<\/p>\n<\/li>\n<li data-start=\"759\" data-end=\"849\">\n<p data-start=\"761\" data-end=\"849\">Congeladas y listas para calentar, ideales para asados, reuniones o meriendas r\u00e1pidas.<\/p>\n<\/li>\n<li data-start=\"852\" data-end=\"995\">\n<p data-start=\"854\" data-end=\"995\">Instrucciones: 6\u202fmin en freidora a 180\u202f\u00b0C o 30\u202fmin al horno fuerte, garantizando una textura crocante por fuera y tierna por dentro.<\/p>\n<\/li>\n<\/ul>\n<p data-start=\"1002\" data-end=\"1194\"><strong data-start=\"1002\" data-end=\"1023\">Precio por docena<\/strong>: ARS\u202f30.000<br data-start=\"1035\" data-end=\"1038\" \/><strong data-start=\"1040\" data-end=\"1062\">Reserva disponible<\/strong> (retir\u00e1s en Montevideo y C\u00f3rdoba, o pod\u00e9s env\u00edo por mensajer\u00eda).<br data-start=\"1127\" data-end=\"1130\" \/><em data-start=\"1132\" data-end=\"1194\">Atenci\u00f3n: posible demora de hasta 1 semana por alta demanda.<\/em><\/p>\n<p>&nbsp;<\/p>\n","protected":false},"excerpt":{"rendered":"<p data-start=\"408\" data-end=\"666\">Descubr\u00ed una versi\u00f3n gourmet de las cl\u00e1sicas empanadas argentinas: jugosa bondiola desmechada cocinada lentamente y mezclada con una cremosa salsa de man\u00ed. Cada empanada fusiona sabores locales con un toque ex\u00f3tico holand\u00e9s, formando un bocado inolvidable.<\/p>\n","protected":false},"featured_media":641,"comment_status":"open","ping_status":"closed","template":"","meta":[],"product_brand":[],"product_cat":[15],"product_tag":[27],"woo-feed-brand":[],"class_list":{"0":"post-25","1":"product","2":"type-product","3":"status-publish","4":"has-post-thumbnail","6":"product_cat-sin-categorizar","7":"product_tag-todo","9":"first","10":"onbackorder","11":"shipping-taxable","12":"purchasable","13":"product-type-simple"},"yoast_head":"<!-- This site is optimized with the Yoast SEO plugin v27.4 - https:\/\/yoast.com\/product\/yoast-seo-wordpress\/ -->\n<title>Empanadas de bondiola desmechada con salsa de man\u00ed \u2013 pack por docena -<\/title>\n<meta name=\"description\" content=\"Empanadas de bondiola desmechada con salsa de man\u00ed. Un sabor \u00fanico en Buenos Aires. Congeladas, listas para horno o freidora.\" \/>\n<meta name=\"robots\" content=\"index, follow, max-snippet:-1, max-image-preview:large, max-video-preview:-1\" \/>\n<link rel=\"canonical\" href=\"https:\/\/lekkersmokehouse.com\/?product=empanadas-bondiola-desmechada-buenos-aires\" \/>\n<meta name=\"twitter:label1\" content=\"Tiempo de lectura\" \/>\n\t<meta name=\"twitter:data1\" content=\"1 minuto\" \/>\n<script type=\"application\/ld+json\" class=\"yoast-schema-graph\">{\"@context\":\"https:\\\/\\\/schema.org\",\"@graph\":[{\"@type\":\"WebPage\",\"@id\":\"https:\\\/\\\/lekkersmokehouse.com\\\/?product=empanadas-bondiola-desmechada-buenos-aires\",\"url\":\"https:\\\/\\\/lekkersmokehouse.com\\\/?product=empanadas-bondiola-desmechada-buenos-aires\",\"name\":\"Empanadas de bondiola desmechada con salsa de man\u00ed \u2013 pack por docena -\",\"isPartOf\":{\"@id\":\"http:\\\/\\\/lekkersmokehouse.com\\\/#website\"},\"primaryImageOfPage\":{\"@id\":\"https:\\\/\\\/lekkersmokehouse.com\\\/?product=empanadas-bondiola-desmechada-buenos-aires#primaryimage\"},\"image\":{\"@id\":\"https:\\\/\\\/lekkersmokehouse.com\\\/?product=empanadas-bondiola-desmechada-buenos-aires#primaryimage\"},\"thumbnailUrl\":\"https:\\\/\\\/lekkersmokehouse.com\\\/wp-content\\\/uploads\\\/2020\\\/03\\\/empanadas1.jpg\",\"datePublished\":\"2020-03-27T03:16:31+00:00\",\"dateModified\":\"2025-10-23T18:34:56+00:00\",\"description\":\"Empanadas de bondiola desmechada con salsa de man\u00ed. Un sabor \u00fanico en Buenos Aires. Congeladas, listas para horno o freidora.\",\"breadcrumb\":{\"@id\":\"https:\\\/\\\/lekkersmokehouse.com\\\/?product=empanadas-bondiola-desmechada-buenos-aires#breadcrumb\"},\"inLanguage\":\"es-AR\",\"potentialAction\":[{\"@type\":\"ReadAction\",\"target\":[\"https:\\\/\\\/lekkersmokehouse.com\\\/?product=empanadas-bondiola-desmechada-buenos-aires\"]}]},{\"@type\":\"ImageObject\",\"inLanguage\":\"es-AR\",\"@id\":\"https:\\\/\\\/lekkersmokehouse.com\\\/?product=empanadas-bondiola-desmechada-buenos-aires#primaryimage\",\"url\":\"https:\\\/\\\/lekkersmokehouse.com\\\/wp-content\\\/uploads\\\/2020\\\/03\\\/empanadas1.jpg\",\"contentUrl\":\"https:\\\/\\\/lekkersmokehouse.com\\\/wp-content\\\/uploads\\\/2020\\\/03\\\/empanadas1.jpg\",\"width\":950,\"height\":950},{\"@type\":\"BreadcrumbList\",\"@id\":\"https:\\\/\\\/lekkersmokehouse.com\\\/?product=empanadas-bondiola-desmechada-buenos-aires#breadcrumb\",\"itemListElement\":[{\"@type\":\"ListItem\",\"position\":1,\"name\":\"Inicio\",\"item\":\"https:\\\/\\\/lekkersmokehouse.com\\\/\"},{\"@type\":\"ListItem\",\"position\":2,\"name\":\"Tienda\",\"item\":\"https:\\\/\\\/lekkersmokehouse.com\\\/?page_id=6\"},{\"@type\":\"ListItem\",\"position\":3,\"name\":\"Empanadas de bondiola desmechada con salsa de man\u00ed \u2013 pack por docena\"}]},{\"@type\":\"WebSite\",\"@id\":\"http:\\\/\\\/lekkersmokehouse.com\\\/#website\",\"url\":\"http:\\\/\\\/lekkersmokehouse.com\\\/\",\"name\":\"Lekker Shop\",\"description\":\"Si es Lekker, es rico\",\"publisher\":{\"@id\":\"http:\\\/\\\/lekkersmokehouse.com\\\/#organization\"},\"potentialAction\":[{\"@type\":\"SearchAction\",\"target\":{\"@type\":\"EntryPoint\",\"urlTemplate\":\"http:\\\/\\\/lekkersmokehouse.com\\\/?s={search_term_string}\"},\"query-input\":{\"@type\":\"PropertyValueSpecification\",\"valueRequired\":true,\"valueName\":\"search_term_string\"}}],\"inLanguage\":\"es-AR\"},{\"@type\":\"Organization\",\"@id\":\"http:\\\/\\\/lekkersmokehouse.com\\\/#organization\",\"name\":\"Lekker Shop\",\"url\":\"http:\\\/\\\/lekkersmokehouse.com\\\/\",\"logo\":{\"@type\":\"ImageObject\",\"inLanguage\":\"es-AR\",\"@id\":\"http:\\\/\\\/lekkersmokehouse.com\\\/#\\\/schema\\\/logo\\\/image\\\/\",\"url\":\"https:\\\/\\\/lekkersmokehouse.com\\\/wp-content\\\/uploads\\\/2021\\\/05\\\/logoNEW-2.png\",\"contentUrl\":\"https:\\\/\\\/lekkersmokehouse.com\\\/wp-content\\\/uploads\\\/2021\\\/05\\\/logoNEW-2.png\",\"width\":2500,\"height\":1587,\"caption\":\"Lekker Shop\"},\"image\":{\"@id\":\"http:\\\/\\\/lekkersmokehouse.com\\\/#\\\/schema\\\/logo\\\/image\\\/\"},\"sameAs\":[\"https:\\\/\\\/www.facebook.com\\\/lekkersmokehouse\",\"https:\\\/\\\/www.instagram.com\\\/lekkersmokehouse\\\/\"]}]}<\/script>\n<!-- \/ Yoast SEO plugin. -->","yoast_head_json":{"title":"Empanadas de bondiola desmechada con salsa de man\u00ed \u2013 pack por docena -","description":"Empanadas de bondiola desmechada con salsa de man\u00ed. Un sabor \u00fanico en Buenos Aires. Congeladas, listas para horno o freidora.","robots":{"index":"index","follow":"follow","max-snippet":"max-snippet:-1","max-image-preview":"max-image-preview:large","max-video-preview":"max-video-preview:-1"},"canonical":"https:\/\/lekkersmokehouse.com\/?product=empanadas-bondiola-desmechada-buenos-aires","twitter_misc":{"Tiempo de lectura":"1 minuto"},"schema":{"@context":"https:\/\/schema.org","@graph":[{"@type":"WebPage","@id":"https:\/\/lekkersmokehouse.com\/?product=empanadas-bondiola-desmechada-buenos-aires","url":"https:\/\/lekkersmokehouse.com\/?product=empanadas-bondiola-desmechada-buenos-aires","name":"Empanadas de bondiola desmechada con salsa de man\u00ed \u2013 pack por docena -","isPartOf":{"@id":"http:\/\/lekkersmokehouse.com\/#website"},"primaryImageOfPage":{"@id":"https:\/\/lekkersmokehouse.com\/?product=empanadas-bondiola-desmechada-buenos-aires#primaryimage"},"image":{"@id":"https:\/\/lekkersmokehouse.com\/?product=empanadas-bondiola-desmechada-buenos-aires#primaryimage"},"thumbnailUrl":"https:\/\/lekkersmokehouse.com\/wp-content\/uploads\/2020\/03\/empanadas1.jpg","datePublished":"2020-03-27T03:16:31+00:00","dateModified":"2025-10-23T18:34:56+00:00","description":"Empanadas de bondiola desmechada con salsa de man\u00ed. Un sabor \u00fanico en Buenos Aires. Congeladas, listas para horno o freidora.","breadcrumb":{"@id":"https:\/\/lekkersmokehouse.com\/?product=empanadas-bondiola-desmechada-buenos-aires#breadcrumb"},"inLanguage":"es-AR","potentialAction":[{"@type":"ReadAction","target":["https:\/\/lekkersmokehouse.com\/?product=empanadas-bondiola-desmechada-buenos-aires"]}]},{"@type":"ImageObject","inLanguage":"es-AR","@id":"https:\/\/lekkersmokehouse.com\/?product=empanadas-bondiola-desmechada-buenos-aires#primaryimage","url":"https:\/\/lekkersmokehouse.com\/wp-content\/uploads\/2020\/03\/empanadas1.jpg","contentUrl":"https:\/\/lekkersmokehouse.com\/wp-content\/uploads\/2020\/03\/empanadas1.jpg","width":950,"height":950},{"@type":"BreadcrumbList","@id":"https:\/\/lekkersmokehouse.com\/?product=empanadas-bondiola-desmechada-buenos-aires#breadcrumb","itemListElement":[{"@type":"ListItem","position":1,"name":"Inicio","item":"https:\/\/lekkersmokehouse.com\/"},{"@type":"ListItem","position":2,"name":"Tienda","item":"https:\/\/lekkersmokehouse.com\/?page_id=6"},{"@type":"ListItem","position":3,"name":"Empanadas de bondiola desmechada con salsa de man\u00ed \u2013 pack por docena"}]},{"@type":"WebSite","@id":"http:\/\/lekkersmokehouse.com\/#website","url":"http:\/\/lekkersmokehouse.com\/","name":"Lekker Shop","description":"Si es Lekker, es rico","publisher":{"@id":"http:\/\/lekkersmokehouse.com\/#organization"},"potentialAction":[{"@type":"SearchAction","target":{"@type":"EntryPoint","urlTemplate":"http:\/\/lekkersmokehouse.com\/?s={search_term_string}"},"query-input":{"@type":"PropertyValueSpecification","valueRequired":true,"valueName":"search_term_string"}}],"inLanguage":"es-AR"},{"@type":"Organization","@id":"http:\/\/lekkersmokehouse.com\/#organization","name":"Lekker Shop","url":"http:\/\/lekkersmokehouse.com\/","logo":{"@type":"ImageObject","inLanguage":"es-AR","@id":"http:\/\/lekkersmokehouse.com\/#\/schema\/logo\/image\/","url":"https:\/\/lekkersmokehouse.com\/wp-content\/uploads\/2021\/05\/logoNEW-2.png","contentUrl":"https:\/\/lekkersmokehouse.com\/wp-content\/uploads\/2021\/05\/logoNEW-2.png","width":2500,"height":1587,"caption":"Lekker Shop"},"image":{"@id":"http:\/\/lekkersmokehouse.com\/#\/schema\/logo\/image\/"},"sameAs":["https:\/\/www.facebook.com\/lekkersmokehouse","https:\/\/www.instagram.com\/lekkersmokehouse\/"]}]}},"jetpack_sharing_enabled":true,"_links":{"self":[{"href":"https:\/\/lekkersmokehouse.com\/index.php?rest_route=\/wp\/v2\/product\/25","targetHints":{"allow":["GET"]}}],"collection":[{"href":"https:\/\/lekkersmokehouse.com\/index.php?rest_route=\/wp\/v2\/product"}],"about":[{"href":"https:\/\/lekkersmokehouse.com\/index.php?rest_route=\/wp\/v2\/types\/product"}],"replies":[{"embeddable":true,"href":"https:\/\/lekkersmokehouse.com\/index.php?rest_route=%2Fwp%2Fv2%2Fcomments&post=25"}],"wp:featuredmedia":[{"embeddable":true,"href":"https:\/\/lekkersmokehouse.com\/index.php?rest_route=\/wp\/v2\/media\/641"}],"wp:attachment":[{"href":"https:\/\/lekkersmokehouse.com\/index.php?rest_route=%2Fwp%2Fv2%2Fmedia&parent=25"}],"wp:term":[{"taxonomy":"product_brand","embeddable":true,"href":"https:\/\/lekkersmokehouse.com\/index.php?rest_route=%2Fwp%2Fv2%2Fproduct_brand&post=25"},{"taxonomy":"product_cat","embeddable":true,"href":"https:\/\/lekkersmokehouse.com\/index.php?rest_route=%2Fwp%2Fv2%2Fproduct_cat&post=25"},{"taxonomy":"product_tag","embeddable":true,"href":"https:\/\/lekkersmokehouse.com\/index.php?rest_route=%2Fwp%2Fv2%2Fproduct_tag&post=25"},{"taxonomy":"woo-feed-brand","embeddable":true,"href":"https:\/\/lekkersmokehouse.com\/index.php?rest_route=%2Fwp%2Fv2%2Fwoo-feed-brand&post=25"}],"curies":[{"name":"wp","href":"https:\/\/api.w.org\/{rel}","templated":true}]}}